{"id":5685,"date":"2025-12-22T19:27:25","date_gmt":"2025-12-22T19:27:25","guid":{"rendered":"https:\/\/holistic-living.r-one.dev\/m\u0259hsul\/emotional-intelligence-understand-regulate-emotions\/"},"modified":"2026-01-10T21:31:11","modified_gmt":"2026-01-10T21:31:11","slug":"emotional-intelligence-understand-regulate-emotions","status":"publish","type":"product","link":"https:\/\/holistic-living.r-one.dev\/es\/m\u0259hsul\/emotional-intelligence-understand-regulate-emotions\/","title":{"rendered":"Inteligencia Emocional: Comprender y regular las emociones"},"content":{"rendered":"<p>Habilidades clave que desarrollar\u00e1s:<\/p>\n<ul>\n<li><em>Identificar y nombrar emociones con precisi\u00f3n en tiempo real<\/em><\/li>\n<li><em>Comprender las necesidades y el mensaje detr\u00e1s de las se\u00f1ales emocionales<\/em><\/li>\n<li><em>Regular emociones intensas sin bloquearte ni explotar<\/em><\/li>\n<li><em>Comunicar emociones con claridad y respeto en tus relaciones<\/em><\/li>\n<li><em>Establecer l\u00edmites saludables y responder en lugar de reaccionar<\/em><\/li>\n<li><em>Usar empat\u00eda y perspectiva para reducir conflicto y estr\u00e9s<\/em><\/li>\n<\/ul>\n","protected":false},"excerpt":{"rendered":"<p>Mejora tu inteligencia emocional aprendiendo c\u00f3mo funcionan las emociones y c\u00f3mo responder a ellas con habilidad. Practicar\u00e1s identificar lo que sientes, ponerle un nombre preciso y elegir acciones alineadas con tus valores\u2014especialmente bajo presi\u00f3n. El curso combina autoconciencia, comunicaci\u00f3n y t\u00e9cnicas de regulaci\u00f3n para relacionarte con m\u00e1s claridad y control.<\/p>\n","protected":false},"featured_media":5687,"comment_status":"open","ping_status":"closed","template":"","meta":{"_acf_changed":false},"product_brand":[],"product_cat":[111],"product_tag":[],"giftcard-category":[],"class_list":{"0":"post-5685","1":"product","2":"type-product","3":"status-publish","4":"has-post-thumbnail","6":"product_cat-atencion-plena-y-bienestar-mental","8":"first","9":"instock","10":"downloadable","11":"virtual","12":"purchasable","13":"product-type-simple"},"acf":[],"yoast_head":"<!-- This site is optimized with the Yoast SEO plugin v27.2 - https:\/\/yoast.com\/product\/yoast-seo-wordpress\/ -->\n<title>Inteligencia Emocional: Comprender y regular las emociones - Curso Sphere<\/title>\n<meta name=\"robots\" content=\"noindex, follow, max-snippet:-1, max-image-preview:large, max-video-preview:-1\" \/>\n<meta property=\"og:locale\" content=\"es_ES\" \/>\n<meta property=\"og:type\" content=\"article\" \/>\n<meta property=\"og:title\" content=\"Inteligencia Emocional: Comprender y regular las emociones - Curso Sphere\" \/>\n<meta property=\"og:description\" content=\"Mejora tu inteligencia emocional aprendiendo c\u00f3mo funcionan las emociones y c\u00f3mo responder a ellas con habilidad. Practicar\u00e1s identificar lo que sientes, ponerle un nombre preciso y elegir acciones alineadas con tus valores\u2014especialmente bajo presi\u00f3n. El curso combina autoconciencia, comunicaci\u00f3n y t\u00e9cnicas de regulaci\u00f3n para relacionarte con m\u00e1s claridad y control.\" \/>\n<meta property=\"og:url\" content=\"https:\/\/holistic-living.r-one.dev\/es\/m\u0259hsul\/emotional-intelligence-understand-regulate-emotions\/\" \/>\n<meta property=\"og:site_name\" content=\"Curso Sphere\" \/>\n<meta property=\"article:modified_time\" content=\"2026-01-10T21:31:11+00:00\" \/>\n<meta property=\"og:image\" content=\"https:\/\/holistic-living.r-one.dev\/wp-content\/uploads\/2025\/12\/14_Emotional-Intelligence_-Understand-Regulate-Emotions-scaled.jpg\" \/>\n\t<meta property=\"og:image:width\" content=\"2560\" \/>\n\t<meta property=\"og:image:height\" content=\"1829\" \/>\n\t<meta property=\"og:image:type\" content=\"image\/jpeg\" \/>\n<meta name=\"twitter:card\" content=\"summary_large_image\" \/>\n<meta name=\"twitter:label1\" content=\"Tiempo de lectura\" \/>\n\t<meta name=\"twitter:data1\" content=\"1 minuto\" \/>\n<script type=\"application\/ld+json\" class=\"yoast-schema-graph\">{\"@context\":\"https:\/\/schema.org\",\"@graph\":[{\"@type\":\"WebPage\",\"@id\":\"https:\/\/holistic-living.r-one.dev\/es\/m\u0259hsul\/emotional-intelligence-understand-regulate-emotions\/\",\"url\":\"https:\/\/holistic-living.r-one.dev\/es\/m\u0259hsul\/emotional-intelligence-understand-regulate-emotions\/\",\"name\":\"Inteligencia Emocional: Comprender y regular las emociones - Curso Sphere\",\"isPartOf\":{\"@id\":\"https:\/\/holistic-living.r-one.dev\/#website\"},\"primaryImageOfPage\":{\"@id\":\"https:\/\/holistic-living.r-one.dev\/es\/m\u0259hsul\/emotional-intelligence-understand-regulate-emotions\/#primaryimage\"},\"image\":{\"@id\":\"https:\/\/holistic-living.r-one.dev\/es\/m\u0259hsul\/emotional-intelligence-understand-regulate-emotions\/#primaryimage\"},\"thumbnailUrl\":\"https:\/\/holistic-living.r-one.dev\/wp-content\/uploads\/2025\/12\/14_Emotional-Intelligence_-Understand-Regulate-Emotions-scaled.jpg\",\"datePublished\":\"2025-12-22T19:27:25+00:00\",\"dateModified\":\"2026-01-10T21:31:11+00:00\",\"breadcrumb\":{\"@id\":\"https:\/\/holistic-living.r-one.dev\/es\/m\u0259hsul\/emotional-intelligence-understand-regulate-emotions\/#breadcrumb\"},\"inLanguage\":\"es\",\"potentialAction\":[{\"@type\":\"ReadAction\",\"target\":[\"https:\/\/holistic-living.r-one.dev\/es\/m\u0259hsul\/emotional-intelligence-understand-regulate-emotions\/\"]}]},{\"@type\":\"ImageObject\",\"inLanguage\":\"es\",\"@id\":\"https:\/\/holistic-living.r-one.dev\/es\/m\u0259hsul\/emotional-intelligence-understand-regulate-emotions\/#primaryimage\",\"url\":\"https:\/\/holistic-living.r-one.dev\/wp-content\/uploads\/2025\/12\/14_Emotional-Intelligence_-Understand-Regulate-Emotions-scaled.jpg\",\"contentUrl\":\"https:\/\/holistic-living.r-one.dev\/wp-content\/uploads\/2025\/12\/14_Emotional-Intelligence_-Understand-Regulate-Emotions-scaled.jpg\",\"width\":2560,\"height\":1829},{\"@type\":\"BreadcrumbList\",\"@id\":\"https:\/\/holistic-living.r-one.dev\/es\/m\u0259hsul\/emotional-intelligence-understand-regulate-emotions\/#breadcrumb\",\"itemListElement\":[{\"@type\":\"ListItem\",\"position\":1,\"name\":\"\u0413\u043b\u0430\u0432\u043d\u0430\u044f \u0441\u0442\u0440\u0430\u043d\u0438\u0446\u0430\",\"item\":\"https:\/\/holistic-living.r-one.dev\/es\/\"},{\"@type\":\"ListItem\",\"position\":2,\"name\":\"Comienza a Aprender\",\"item\":\"https:\/\/holistic-living.r-one.dev\/es\/empieza-a-aprender-hoy\/\"},{\"@type\":\"ListItem\",\"position\":3,\"name\":\"Inteligencia Emocional: Comprender y regular las emociones\"}]},{\"@type\":\"WebSite\",\"@id\":\"https:\/\/holistic-living.r-one.dev\/#website\",\"url\":\"https:\/\/holistic-living.r-one.dev\/\",\"name\":\"Calming practices\",\"description\":\"\",\"publisher\":{\"@id\":\"https:\/\/holistic-living.r-one.dev\/#organization\"},\"potentialAction\":[{\"@type\":\"SearchAction\",\"target\":{\"@type\":\"EntryPoint\",\"urlTemplate\":\"https:\/\/holistic-living.r-one.dev\/?s={search_term_string}\"},\"query-input\":{\"@type\":\"PropertyValueSpecification\",\"valueRequired\":true,\"valueName\":\"search_term_string\"}}],\"inLanguage\":\"es\"},{\"@type\":\"Organization\",\"@id\":\"https:\/\/holistic-living.r-one.dev\/#organization\",\"name\":\"Calming practices\",\"url\":\"https:\/\/holistic-living.r-one.dev\/\",\"logo\":{\"@type\":\"ImageObject\",\"inLanguage\":\"es\",\"@id\":\"https:\/\/holistic-living.r-one.dev\/#\/schema\/logo\/image\/\",\"url\":\"https:\/\/holistic-living.r-one.dev\/wp-content\/uploads\/2025\/03\/Logo-1.svg\",\"contentUrl\":\"https:\/\/holistic-living.r-one.dev\/wp-content\/uploads\/2025\/03\/Logo-1.svg\",\"width\":36,\"height\":36,\"caption\":\"Calming practices\"},\"image\":{\"@id\":\"https:\/\/holistic-living.r-one.dev\/#\/schema\/logo\/image\/\"}}]}<\/script>\n<!-- \/ Yoast SEO plugin. -->","yoast_head_json":{"title":"Inteligencia Emocional: Comprender y regular las emociones - Curso Sphere","robots":{"index":"noindex","follow":"follow","max-snippet":"max-snippet:-1","max-image-preview":"max-image-preview:large","max-video-preview":"max-video-preview:-1"},"og_locale":"es_ES","og_type":"article","og_title":"Inteligencia Emocional: Comprender y regular las emociones - Curso Sphere","og_description":"Mejora tu inteligencia emocional aprendiendo c\u00f3mo funcionan las emociones y c\u00f3mo responder a ellas con habilidad. Practicar\u00e1s identificar lo que sientes, ponerle un nombre preciso y elegir acciones alineadas con tus valores\u2014especialmente bajo presi\u00f3n. El curso combina autoconciencia, comunicaci\u00f3n y t\u00e9cnicas de regulaci\u00f3n para relacionarte con m\u00e1s claridad y control.","og_url":"https:\/\/holistic-living.r-one.dev\/es\/m\u0259hsul\/emotional-intelligence-understand-regulate-emotions\/","og_site_name":"Curso Sphere","article_modified_time":"2026-01-10T21:31:11+00:00","og_image":[{"width":2560,"height":1829,"url":"https:\/\/holistic-living.r-one.dev\/wp-content\/uploads\/2025\/12\/14_Emotional-Intelligence_-Understand-Regulate-Emotions-scaled.jpg","type":"image\/jpeg"}],"twitter_card":"summary_large_image","twitter_misc":{"Tiempo de lectura":"1 minuto"},"schema":{"@context":"https:\/\/schema.org","@graph":[{"@type":"WebPage","@id":"https:\/\/holistic-living.r-one.dev\/es\/m\u0259hsul\/emotional-intelligence-understand-regulate-emotions\/","url":"https:\/\/holistic-living.r-one.dev\/es\/m\u0259hsul\/emotional-intelligence-understand-regulate-emotions\/","name":"Inteligencia Emocional: Comprender y regular las emociones - Curso Sphere","isPartOf":{"@id":"https:\/\/holistic-living.r-one.dev\/#website"},"primaryImageOfPage":{"@id":"https:\/\/holistic-living.r-one.dev\/es\/m\u0259hsul\/emotional-intelligence-understand-regulate-emotions\/#primaryimage"},"image":{"@id":"https:\/\/holistic-living.r-one.dev\/es\/m\u0259hsul\/emotional-intelligence-understand-regulate-emotions\/#primaryimage"},"thumbnailUrl":"https:\/\/holistic-living.r-one.dev\/wp-content\/uploads\/2025\/12\/14_Emotional-Intelligence_-Understand-Regulate-Emotions-scaled.jpg","datePublished":"2025-12-22T19:27:25+00:00","dateModified":"2026-01-10T21:31:11+00:00","breadcrumb":{"@id":"https:\/\/holistic-living.r-one.dev\/es\/m\u0259hsul\/emotional-intelligence-understand-regulate-emotions\/#breadcrumb"},"inLanguage":"es","potentialAction":[{"@type":"ReadAction","target":["https:\/\/holistic-living.r-one.dev\/es\/m\u0259hsul\/emotional-intelligence-understand-regulate-emotions\/"]}]},{"@type":"ImageObject","inLanguage":"es","@id":"https:\/\/holistic-living.r-one.dev\/es\/m\u0259hsul\/emotional-intelligence-understand-regulate-emotions\/#primaryimage","url":"https:\/\/holistic-living.r-one.dev\/wp-content\/uploads\/2025\/12\/14_Emotional-Intelligence_-Understand-Regulate-Emotions-scaled.jpg","contentUrl":"https:\/\/holistic-living.r-one.dev\/wp-content\/uploads\/2025\/12\/14_Emotional-Intelligence_-Understand-Regulate-Emotions-scaled.jpg","width":2560,"height":1829},{"@type":"BreadcrumbList","@id":"https:\/\/holistic-living.r-one.dev\/es\/m\u0259hsul\/emotional-intelligence-understand-regulate-emotions\/#breadcrumb","itemListElement":[{"@type":"ListItem","position":1,"name":"\u0413\u043b\u0430\u0432\u043d\u0430\u044f \u0441\u0442\u0440\u0430\u043d\u0438\u0446\u0430","item":"https:\/\/holistic-living.r-one.dev\/es\/"},{"@type":"ListItem","position":2,"name":"Comienza a Aprender","item":"https:\/\/holistic-living.r-one.dev\/es\/empieza-a-aprender-hoy\/"},{"@type":"ListItem","position":3,"name":"Inteligencia Emocional: Comprender y regular las emociones"}]},{"@type":"WebSite","@id":"https:\/\/holistic-living.r-one.dev\/#website","url":"https:\/\/holistic-living.r-one.dev\/","name":"Calming practices","description":"","publisher":{"@id":"https:\/\/holistic-living.r-one.dev\/#organization"},"potentialAction":[{"@type":"SearchAction","target":{"@type":"EntryPoint","urlTemplate":"https:\/\/holistic-living.r-one.dev\/?s={search_term_string}"},"query-input":{"@type":"PropertyValueSpecification","valueRequired":true,"valueName":"search_term_string"}}],"inLanguage":"es"},{"@type":"Organization","@id":"https:\/\/holistic-living.r-one.dev\/#organization","name":"Calming practices","url":"https:\/\/holistic-living.r-one.dev\/","logo":{"@type":"ImageObject","inLanguage":"es","@id":"https:\/\/holistic-living.r-one.dev\/#\/schema\/logo\/image\/","url":"https:\/\/holistic-living.r-one.dev\/wp-content\/uploads\/2025\/03\/Logo-1.svg","contentUrl":"https:\/\/holistic-living.r-one.dev\/wp-content\/uploads\/2025\/03\/Logo-1.svg","width":36,"height":36,"caption":"Calming practices"},"image":{"@id":"https:\/\/holistic-living.r-one.dev\/#\/schema\/logo\/image\/"}}]}},"_links":{"self":[{"href":"https:\/\/holistic-living.r-one.dev\/es\/wp-json\/wp\/v2\/product\/5685","targetHints":{"allow":["GET"]}}],"collection":[{"href":"https:\/\/holistic-living.r-one.dev\/es\/wp-json\/wp\/v2\/product"}],"about":[{"href":"https:\/\/holistic-living.r-one.dev\/es\/wp-json\/wp\/v2\/types\/product"}],"replies":[{"embeddable":true,"href":"https:\/\/holistic-living.r-one.dev\/es\/wp-json\/wp\/v2\/comments?post=5685"}],"wp:featuredmedia":[{"embeddable":true,"href":"https:\/\/holistic-living.r-one.dev\/es\/wp-json\/wp\/v2\/media\/5687"}],"wp:attachment":[{"href":"https:\/\/holistic-living.r-one.dev\/es\/wp-json\/wp\/v2\/media?parent=5685"}],"wp:term":[{"taxonomy":"product_brand","embeddable":true,"href":"https:\/\/holistic-living.r-one.dev\/es\/wp-json\/wp\/v2\/product_brand?post=5685"},{"taxonomy":"product_cat","embeddable":true,"href":"https:\/\/holistic-living.r-one.dev\/es\/wp-json\/wp\/v2\/product_cat?post=5685"},{"taxonomy":"product_tag","embeddable":true,"href":"https:\/\/holistic-living.r-one.dev\/es\/wp-json\/wp\/v2\/product_tag?post=5685"},{"taxonomy":"giftcard-category","embeddable":true,"href":"https:\/\/holistic-living.r-one.dev\/es\/wp-json\/wp\/v2\/giftcard-category?post=5685"}],"curies":[{"name":"wp","href":"https:\/\/api.w.org\/{rel}","templated":true}]}}