{"id":5397,"date":"2025-12-19T09:41:07","date_gmt":"2025-12-19T09:41:07","guid":{"rendered":"https:\/\/holistic-living.r-one.dev\/m\u0259hsul\/5393\/"},"modified":"2026-01-09T15:35:30","modified_gmt":"2026-01-09T15:35:30","slug":"5393","status":"publish","type":"product","link":"https:\/\/holistic-living.r-one.dev\/es\/m\u0259hsul\/5393\/","title":{"rendered":"De la idea al impacto: convierte conceptos en soluciones"},"content":{"rendered":"<p><span data-sheets-root=\"1\">Habilidades clave que desarrollar\u00e1s:<\/span><\/p>\n<ul>\n<li><em>Evaluar ideas e identificar su verdadero potencial<\/em><\/li>\n<li><em>Refinar conceptos hasta convertirlos en soluciones claras y viables<\/em><\/li>\n<li><em>Pasar de la inspiraci\u00f3n a una ejecuci\u00f3n estructurada<\/em><\/li>\n<li><em>Aplicar herramientas pr\u00e1cticas para convertir ideas en acci\u00f3n<\/em><\/li>\n<li><em>Desarrollar soluciones que resuelvan problemas reales<\/em><\/li>\n<li><em>Impulsar el avance desde el concepto hasta resultados tangibles<\/em><\/li>\n<\/ul>\n","protected":false},"excerpt":{"rendered":"<p><span data-sheets-root=\"1\">Este curso se centra en el impulso: c\u00f3mo las ideas pasan de la imaginaci\u00f3n a la ejecuci\u00f3n. Explorar\u00e1s herramientas para evaluar conceptos, perfeccionarlos y construir soluciones que realmente funcionan. Claro, pr\u00e1ctico y orientado a la acci\u00f3n, te ayuda a transformar la inspiraci\u00f3n en resultados reales.<\/span><\/p>\n","protected":false},"featured_media":5398,"comment_status":"open","ping_status":"closed","template":"","meta":{"_acf_changed":false},"product_brand":[],"product_cat":[106],"product_tag":[],"giftcard-category":[],"class_list":{"0":"post-5397","1":"product","2":"type-product","3":"status-publish","4":"has-post-thumbnail","6":"product_cat-diseno-pensamiento-e-innovacion","8":"first","9":"instock","10":"downloadable","11":"virtual","12":"purchasable","13":"product-type-simple"},"acf":[],"yoast_head":"<!-- This site is optimized with the Yoast SEO plugin v27.2 - https:\/\/yoast.com\/product\/yoast-seo-wordpress\/ -->\n<title>De la idea al impacto: convierte conceptos en soluciones - Curso Sphere<\/title>\n<meta name=\"robots\" content=\"noindex, follow, max-snippet:-1, max-image-preview:large, max-video-preview:-1\" \/>\n<meta property=\"og:locale\" content=\"es_ES\" \/>\n<meta property=\"og:type\" content=\"article\" \/>\n<meta property=\"og:title\" content=\"De la idea al impacto: convierte conceptos en soluciones - Curso Sphere\" \/>\n<meta property=\"og:description\" content=\"Este curso se centra en el impulso: c\u00f3mo las ideas pasan de la imaginaci\u00f3n a la ejecuci\u00f3n. Explorar\u00e1s herramientas para evaluar conceptos, perfeccionarlos y construir soluciones que realmente funcionan. Claro, pr\u00e1ctico y orientado a la acci\u00f3n, te ayuda a transformar la inspiraci\u00f3n en resultados reales.\" \/>\n<meta property=\"og:url\" content=\"https:\/\/holistic-living.r-one.dev\/es\/m\u0259hsul\/5393\/\" \/>\n<meta property=\"og:site_name\" content=\"Curso Sphere\" \/>\n<meta property=\"article:modified_time\" content=\"2026-01-09T15:35:30+00:00\" \/>\n<meta property=\"og:image\" content=\"https:\/\/holistic-living.r-one.dev\/wp-content\/uploads\/2025\/12\/idea-concept-with-light-bulb.webp\" \/>\n\t<meta property=\"og:image:width\" content=\"800\" \/>\n\t<meta property=\"og:image:height\" content=\"535\" \/>\n\t<meta property=\"og:image:type\" content=\"image\/webp\" \/>\n<meta name=\"twitter:card\" content=\"summary_large_image\" \/>\n<meta name=\"twitter:label1\" content=\"Tiempo de lectura\" \/>\n\t<meta name=\"twitter:data1\" content=\"1 minuto\" \/>\n<script type=\"application\/ld+json\" class=\"yoast-schema-graph\">{\"@context\":\"https:\/\/schema.org\",\"@graph\":[{\"@type\":\"WebPage\",\"@id\":\"https:\/\/holistic-living.r-one.dev\/es\/m\u0259hsul\/5393\/\",\"url\":\"https:\/\/holistic-living.r-one.dev\/es\/m\u0259hsul\/5393\/\",\"name\":\"De la idea al impacto: convierte conceptos en soluciones - Curso Sphere\",\"isPartOf\":{\"@id\":\"https:\/\/holistic-living.r-one.dev\/#website\"},\"primaryImageOfPage\":{\"@id\":\"https:\/\/holistic-living.r-one.dev\/es\/m\u0259hsul\/5393\/#primaryimage\"},\"image\":{\"@id\":\"https:\/\/holistic-living.r-one.dev\/es\/m\u0259hsul\/5393\/#primaryimage\"},\"thumbnailUrl\":\"https:\/\/holistic-living.r-one.dev\/wp-content\/uploads\/2025\/12\/idea-concept-with-light-bulb.webp\",\"datePublished\":\"2025-12-19T09:41:07+00:00\",\"dateModified\":\"2026-01-09T15:35:30+00:00\",\"breadcrumb\":{\"@id\":\"https:\/\/holistic-living.r-one.dev\/es\/m\u0259hsul\/5393\/#breadcrumb\"},\"inLanguage\":\"es\",\"potentialAction\":[{\"@type\":\"ReadAction\",\"target\":[\"https:\/\/holistic-living.r-one.dev\/es\/m\u0259hsul\/5393\/\"]}]},{\"@type\":\"ImageObject\",\"inLanguage\":\"es\",\"@id\":\"https:\/\/holistic-living.r-one.dev\/es\/m\u0259hsul\/5393\/#primaryimage\",\"url\":\"https:\/\/holistic-living.r-one.dev\/wp-content\/uploads\/2025\/12\/idea-concept-with-light-bulb.webp\",\"contentUrl\":\"https:\/\/holistic-living.r-one.dev\/wp-content\/uploads\/2025\/12\/idea-concept-with-light-bulb.webp\",\"width\":800,\"height\":535},{\"@type\":\"BreadcrumbList\",\"@id\":\"https:\/\/holistic-living.r-one.dev\/es\/m\u0259hsul\/5393\/#breadcrumb\",\"itemListElement\":[{\"@type\":\"ListItem\",\"position\":1,\"name\":\"\u0413\u043b\u0430\u0432\u043d\u0430\u044f \u0441\u0442\u0440\u0430\u043d\u0438\u0446\u0430\",\"item\":\"https:\/\/holistic-living.r-one.dev\/es\/\"},{\"@type\":\"ListItem\",\"position\":2,\"name\":\"Comienza a Aprender\",\"item\":\"https:\/\/holistic-living.r-one.dev\/es\/empieza-a-aprender-hoy\/\"},{\"@type\":\"ListItem\",\"position\":3,\"name\":\"De la idea al impacto: convierte conceptos en soluciones\"}]},{\"@type\":\"WebSite\",\"@id\":\"https:\/\/holistic-living.r-one.dev\/#website\",\"url\":\"https:\/\/holistic-living.r-one.dev\/\",\"name\":\"Calming practices\",\"description\":\"\",\"publisher\":{\"@id\":\"https:\/\/holistic-living.r-one.dev\/#organization\"},\"potentialAction\":[{\"@type\":\"SearchAction\",\"target\":{\"@type\":\"EntryPoint\",\"urlTemplate\":\"https:\/\/holistic-living.r-one.dev\/?s={search_term_string}\"},\"query-input\":{\"@type\":\"PropertyValueSpecification\",\"valueRequired\":true,\"valueName\":\"search_term_string\"}}],\"inLanguage\":\"es\"},{\"@type\":\"Organization\",\"@id\":\"https:\/\/holistic-living.r-one.dev\/#organization\",\"name\":\"Calming practices\",\"url\":\"https:\/\/holistic-living.r-one.dev\/\",\"logo\":{\"@type\":\"ImageObject\",\"inLanguage\":\"es\",\"@id\":\"https:\/\/holistic-living.r-one.dev\/#\/schema\/logo\/image\/\",\"url\":\"https:\/\/holistic-living.r-one.dev\/wp-content\/uploads\/2025\/03\/Logo-1.svg\",\"contentUrl\":\"https:\/\/holistic-living.r-one.dev\/wp-content\/uploads\/2025\/03\/Logo-1.svg\",\"width\":36,\"height\":36,\"caption\":\"Calming practices\"},\"image\":{\"@id\":\"https:\/\/holistic-living.r-one.dev\/#\/schema\/logo\/image\/\"}}]}<\/script>\n<!-- \/ Yoast SEO plugin. -->","yoast_head_json":{"title":"De la idea al impacto: convierte conceptos en soluciones - Curso Sphere","robots":{"index":"noindex","follow":"follow","max-snippet":"max-snippet:-1","max-image-preview":"max-image-preview:large","max-video-preview":"max-video-preview:-1"},"og_locale":"es_ES","og_type":"article","og_title":"De la idea al impacto: convierte conceptos en soluciones - Curso Sphere","og_description":"Este curso se centra en el impulso: c\u00f3mo las ideas pasan de la imaginaci\u00f3n a la ejecuci\u00f3n. Explorar\u00e1s herramientas para evaluar conceptos, perfeccionarlos y construir soluciones que realmente funcionan. Claro, pr\u00e1ctico y orientado a la acci\u00f3n, te ayuda a transformar la inspiraci\u00f3n en resultados reales.","og_url":"https:\/\/holistic-living.r-one.dev\/es\/m\u0259hsul\/5393\/","og_site_name":"Curso Sphere","article_modified_time":"2026-01-09T15:35:30+00:00","og_image":[{"width":800,"height":535,"url":"https:\/\/holistic-living.r-one.dev\/wp-content\/uploads\/2025\/12\/idea-concept-with-light-bulb.webp","type":"image\/webp"}],"twitter_card":"summary_large_image","twitter_misc":{"Tiempo de lectura":"1 minuto"},"schema":{"@context":"https:\/\/schema.org","@graph":[{"@type":"WebPage","@id":"https:\/\/holistic-living.r-one.dev\/es\/m\u0259hsul\/5393\/","url":"https:\/\/holistic-living.r-one.dev\/es\/m\u0259hsul\/5393\/","name":"De la idea al impacto: convierte conceptos en soluciones - Curso Sphere","isPartOf":{"@id":"https:\/\/holistic-living.r-one.dev\/#website"},"primaryImageOfPage":{"@id":"https:\/\/holistic-living.r-one.dev\/es\/m\u0259hsul\/5393\/#primaryimage"},"image":{"@id":"https:\/\/holistic-living.r-one.dev\/es\/m\u0259hsul\/5393\/#primaryimage"},"thumbnailUrl":"https:\/\/holistic-living.r-one.dev\/wp-content\/uploads\/2025\/12\/idea-concept-with-light-bulb.webp","datePublished":"2025-12-19T09:41:07+00:00","dateModified":"2026-01-09T15:35:30+00:00","breadcrumb":{"@id":"https:\/\/holistic-living.r-one.dev\/es\/m\u0259hsul\/5393\/#breadcrumb"},"inLanguage":"es","potentialAction":[{"@type":"ReadAction","target":["https:\/\/holistic-living.r-one.dev\/es\/m\u0259hsul\/5393\/"]}]},{"@type":"ImageObject","inLanguage":"es","@id":"https:\/\/holistic-living.r-one.dev\/es\/m\u0259hsul\/5393\/#primaryimage","url":"https:\/\/holistic-living.r-one.dev\/wp-content\/uploads\/2025\/12\/idea-concept-with-light-bulb.webp","contentUrl":"https:\/\/holistic-living.r-one.dev\/wp-content\/uploads\/2025\/12\/idea-concept-with-light-bulb.webp","width":800,"height":535},{"@type":"BreadcrumbList","@id":"https:\/\/holistic-living.r-one.dev\/es\/m\u0259hsul\/5393\/#breadcrumb","itemListElement":[{"@type":"ListItem","position":1,"name":"\u0413\u043b\u0430\u0432\u043d\u0430\u044f \u0441\u0442\u0440\u0430\u043d\u0438\u0446\u0430","item":"https:\/\/holistic-living.r-one.dev\/es\/"},{"@type":"ListItem","position":2,"name":"Comienza a Aprender","item":"https:\/\/holistic-living.r-one.dev\/es\/empieza-a-aprender-hoy\/"},{"@type":"ListItem","position":3,"name":"De la idea al impacto: convierte conceptos en soluciones"}]},{"@type":"WebSite","@id":"https:\/\/holistic-living.r-one.dev\/#website","url":"https:\/\/holistic-living.r-one.dev\/","name":"Calming practices","description":"","publisher":{"@id":"https:\/\/holistic-living.r-one.dev\/#organization"},"potentialAction":[{"@type":"SearchAction","target":{"@type":"EntryPoint","urlTemplate":"https:\/\/holistic-living.r-one.dev\/?s={search_term_string}"},"query-input":{"@type":"PropertyValueSpecification","valueRequired":true,"valueName":"search_term_string"}}],"inLanguage":"es"},{"@type":"Organization","@id":"https:\/\/holistic-living.r-one.dev\/#organization","name":"Calming practices","url":"https:\/\/holistic-living.r-one.dev\/","logo":{"@type":"ImageObject","inLanguage":"es","@id":"https:\/\/holistic-living.r-one.dev\/#\/schema\/logo\/image\/","url":"https:\/\/holistic-living.r-one.dev\/wp-content\/uploads\/2025\/03\/Logo-1.svg","contentUrl":"https:\/\/holistic-living.r-one.dev\/wp-content\/uploads\/2025\/03\/Logo-1.svg","width":36,"height":36,"caption":"Calming practices"},"image":{"@id":"https:\/\/holistic-living.r-one.dev\/#\/schema\/logo\/image\/"}}]}},"_links":{"self":[{"href":"https:\/\/holistic-living.r-one.dev\/es\/wp-json\/wp\/v2\/product\/5397","targetHints":{"allow":["GET"]}}],"collection":[{"href":"https:\/\/holistic-living.r-one.dev\/es\/wp-json\/wp\/v2\/product"}],"about":[{"href":"https:\/\/holistic-living.r-one.dev\/es\/wp-json\/wp\/v2\/types\/product"}],"replies":[{"embeddable":true,"href":"https:\/\/holistic-living.r-one.dev\/es\/wp-json\/wp\/v2\/comments?post=5397"}],"wp:featuredmedia":[{"embeddable":true,"href":"https:\/\/holistic-living.r-one.dev\/es\/wp-json\/wp\/v2\/media\/5398"}],"wp:attachment":[{"href":"https:\/\/holistic-living.r-one.dev\/es\/wp-json\/wp\/v2\/media?parent=5397"}],"wp:term":[{"taxonomy":"product_brand","embeddable":true,"href":"https:\/\/holistic-living.r-one.dev\/es\/wp-json\/wp\/v2\/product_brand?post=5397"},{"taxonomy":"product_cat","embeddable":true,"href":"https:\/\/holistic-living.r-one.dev\/es\/wp-json\/wp\/v2\/product_cat?post=5397"},{"taxonomy":"product_tag","embeddable":true,"href":"https:\/\/holistic-living.r-one.dev\/es\/wp-json\/wp\/v2\/product_tag?post=5397"},{"taxonomy":"giftcard-category","embeddable":true,"href":"https:\/\/holistic-living.r-one.dev\/es\/wp-json\/wp\/v2\/giftcard-category?post=5397"}],"curies":[{"name":"wp","href":"https:\/\/api.w.org\/{rel}","templated":true}]}}