{"id":5326,"date":"2025-12-18T15:58:01","date_gmt":"2025-12-18T15:58:01","guid":{"rendered":"https:\/\/holistic-living.r-one.dev\/m\u0259hsul\/team-communication-collaborate-like-a-pro\/"},"modified":"2026-01-09T14:58:52","modified_gmt":"2026-01-09T14:58:52","slug":"team-communication-collaborate-like-a-pro","status":"publish","type":"product","link":"https:\/\/holistic-living.r-one.dev\/es\/m\u0259hsul\/team-communication-collaborate-like-a-pro\/","title":{"rendered":"Comunicaci\u00f3n en equipo: colabora como un profesional"},"content":{"rendered":"<p><span data-sheets-root=\"1\">Habilidades clave que desarrollar\u00e1s:\u00a0<\/span><\/p>\n<ul>\n<li><em>Comunicar de manera clara y efectiva dentro de los equipos<\/em><\/li>\n<li><em>Reducir malentendidos y desalineaci\u00f3n<\/em><\/li>\n<li><em>Alinear los objetivos, roles y expectativas del equipo<\/em><\/li>\n<li><em>Gestionar las diferencias y los distintos estilos de comunicaci\u00f3n<\/em><\/li>\n<li><em>Fomentar la colaboraci\u00f3n y la confianza mutua<\/em><\/li>\n<li><em>Construir una cultura de comunicaci\u00f3n que impulse resultados<\/em><\/li>\n<\/ul>\n","protected":false},"excerpt":{"rendered":"<p><span data-sheets-root=\"1\">Los grandes equipos no solo trabajan juntos: se comunican bien. Este curso te ayuda a mejorar la claridad, reducir malentendidos y fortalecer la colaboraci\u00f3n dentro de los equipos. Aprender\u00e1s a alinear objetivos, gestionar diferencias y crear una cultura de comunicaci\u00f3n que impulse resultados.<\/span><\/p>\n","protected":false},"featured_media":5327,"comment_status":"open","ping_status":"closed","template":"","meta":{"_acf_changed":false},"product_brand":[],"product_cat":[103],"product_tag":[],"giftcard-category":[],"class_list":{"0":"post-5326","1":"product","2":"type-product","3":"status-publish","4":"has-post-thumbnail","6":"product_cat-impacto-personal-y-profesional","8":"first","9":"instock","10":"downloadable","11":"virtual","12":"purchasable","13":"product-type-simple"},"acf":[],"yoast_head":"<!-- This site is optimized with the Yoast SEO plugin v27.2 - https:\/\/yoast.com\/product\/yoast-seo-wordpress\/ -->\n<title>Comunicaci\u00f3n en equipo: colabora como un profesional - Curso Sphere<\/title>\n<meta name=\"robots\" content=\"noindex, follow, max-snippet:-1, max-image-preview:large, max-video-preview:-1\" \/>\n<meta property=\"og:locale\" content=\"es_ES\" \/>\n<meta property=\"og:type\" content=\"article\" \/>\n<meta property=\"og:title\" content=\"Comunicaci\u00f3n en equipo: colabora como un profesional - Curso Sphere\" \/>\n<meta property=\"og:description\" content=\"Los grandes equipos no solo trabajan juntos: se comunican bien. Este curso te ayuda a mejorar la claridad, reducir malentendidos y fortalecer la colaboraci\u00f3n dentro de los equipos. Aprender\u00e1s a alinear objetivos, gestionar diferencias y crear una cultura de comunicaci\u00f3n que impulse resultados.\" \/>\n<meta property=\"og:url\" content=\"https:\/\/holistic-living.r-one.dev\/es\/m\u0259hsul\/team-communication-collaborate-like-a-pro\/\" \/>\n<meta property=\"og:site_name\" content=\"Curso Sphere\" \/>\n<meta property=\"article:modified_time\" content=\"2026-01-09T14:58:52+00:00\" \/>\n<meta property=\"og:image\" content=\"https:\/\/holistic-living.r-one.dev\/wp-content\/uploads\/2025\/12\/young-colleagues-office-talking-with-each-other-holding-notebook.webp\" \/>\n\t<meta property=\"og:image:width\" content=\"800\" \/>\n\t<meta property=\"og:image:height\" content=\"535\" \/>\n\t<meta property=\"og:image:type\" content=\"image\/webp\" \/>\n<meta name=\"twitter:card\" content=\"summary_large_image\" \/>\n<meta name=\"twitter:label1\" content=\"Tiempo de lectura\" \/>\n\t<meta name=\"twitter:data1\" content=\"1 minuto\" \/>\n<script type=\"application\/ld+json\" class=\"yoast-schema-graph\">{\"@context\":\"https:\/\/schema.org\",\"@graph\":[{\"@type\":\"WebPage\",\"@id\":\"https:\/\/holistic-living.r-one.dev\/es\/m\u0259hsul\/team-communication-collaborate-like-a-pro\/\",\"url\":\"https:\/\/holistic-living.r-one.dev\/es\/m\u0259hsul\/team-communication-collaborate-like-a-pro\/\",\"name\":\"Comunicaci\u00f3n en equipo: colabora como un profesional - Curso Sphere\",\"isPartOf\":{\"@id\":\"https:\/\/holistic-living.r-one.dev\/#website\"},\"primaryImageOfPage\":{\"@id\":\"https:\/\/holistic-living.r-one.dev\/es\/m\u0259hsul\/team-communication-collaborate-like-a-pro\/#primaryimage\"},\"image\":{\"@id\":\"https:\/\/holistic-living.r-one.dev\/es\/m\u0259hsul\/team-communication-collaborate-like-a-pro\/#primaryimage\"},\"thumbnailUrl\":\"https:\/\/holistic-living.r-one.dev\/wp-content\/uploads\/2025\/12\/young-colleagues-office-talking-with-each-other-holding-notebook.webp\",\"datePublished\":\"2025-12-18T15:58:01+00:00\",\"dateModified\":\"2026-01-09T14:58:52+00:00\",\"breadcrumb\":{\"@id\":\"https:\/\/holistic-living.r-one.dev\/es\/m\u0259hsul\/team-communication-collaborate-like-a-pro\/#breadcrumb\"},\"inLanguage\":\"es\",\"potentialAction\":[{\"@type\":\"ReadAction\",\"target\":[\"https:\/\/holistic-living.r-one.dev\/es\/m\u0259hsul\/team-communication-collaborate-like-a-pro\/\"]}]},{\"@type\":\"ImageObject\",\"inLanguage\":\"es\",\"@id\":\"https:\/\/holistic-living.r-one.dev\/es\/m\u0259hsul\/team-communication-collaborate-like-a-pro\/#primaryimage\",\"url\":\"https:\/\/holistic-living.r-one.dev\/wp-content\/uploads\/2025\/12\/young-colleagues-office-talking-with-each-other-holding-notebook.webp\",\"contentUrl\":\"https:\/\/holistic-living.r-one.dev\/wp-content\/uploads\/2025\/12\/young-colleagues-office-talking-with-each-other-holding-notebook.webp\",\"width\":800,\"height\":535},{\"@type\":\"BreadcrumbList\",\"@id\":\"https:\/\/holistic-living.r-one.dev\/es\/m\u0259hsul\/team-communication-collaborate-like-a-pro\/#breadcrumb\",\"itemListElement\":[{\"@type\":\"ListItem\",\"position\":1,\"name\":\"\u0413\u043b\u0430\u0432\u043d\u0430\u044f \u0441\u0442\u0440\u0430\u043d\u0438\u0446\u0430\",\"item\":\"https:\/\/holistic-living.r-one.dev\/es\/\"},{\"@type\":\"ListItem\",\"position\":2,\"name\":\"Comienza a Aprender\",\"item\":\"https:\/\/holistic-living.r-one.dev\/es\/empieza-a-aprender-hoy\/\"},{\"@type\":\"ListItem\",\"position\":3,\"name\":\"Comunicaci\u00f3n en equipo: colabora como un profesional\"}]},{\"@type\":\"WebSite\",\"@id\":\"https:\/\/holistic-living.r-one.dev\/#website\",\"url\":\"https:\/\/holistic-living.r-one.dev\/\",\"name\":\"Calming practices\",\"description\":\"\",\"publisher\":{\"@id\":\"https:\/\/holistic-living.r-one.dev\/#organization\"},\"potentialAction\":[{\"@type\":\"SearchAction\",\"target\":{\"@type\":\"EntryPoint\",\"urlTemplate\":\"https:\/\/holistic-living.r-one.dev\/?s={search_term_string}\"},\"query-input\":{\"@type\":\"PropertyValueSpecification\",\"valueRequired\":true,\"valueName\":\"search_term_string\"}}],\"inLanguage\":\"es\"},{\"@type\":\"Organization\",\"@id\":\"https:\/\/holistic-living.r-one.dev\/#organization\",\"name\":\"Calming practices\",\"url\":\"https:\/\/holistic-living.r-one.dev\/\",\"logo\":{\"@type\":\"ImageObject\",\"inLanguage\":\"es\",\"@id\":\"https:\/\/holistic-living.r-one.dev\/#\/schema\/logo\/image\/\",\"url\":\"https:\/\/holistic-living.r-one.dev\/wp-content\/uploads\/2025\/03\/Logo-1.svg\",\"contentUrl\":\"https:\/\/holistic-living.r-one.dev\/wp-content\/uploads\/2025\/03\/Logo-1.svg\",\"width\":36,\"height\":36,\"caption\":\"Calming practices\"},\"image\":{\"@id\":\"https:\/\/holistic-living.r-one.dev\/#\/schema\/logo\/image\/\"}}]}<\/script>\n<!-- \/ Yoast SEO plugin. -->","yoast_head_json":{"title":"Comunicaci\u00f3n en equipo: colabora como un profesional - Curso Sphere","robots":{"index":"noindex","follow":"follow","max-snippet":"max-snippet:-1","max-image-preview":"max-image-preview:large","max-video-preview":"max-video-preview:-1"},"og_locale":"es_ES","og_type":"article","og_title":"Comunicaci\u00f3n en equipo: colabora como un profesional - Curso Sphere","og_description":"Los grandes equipos no solo trabajan juntos: se comunican bien. Este curso te ayuda a mejorar la claridad, reducir malentendidos y fortalecer la colaboraci\u00f3n dentro de los equipos. Aprender\u00e1s a alinear objetivos, gestionar diferencias y crear una cultura de comunicaci\u00f3n que impulse resultados.","og_url":"https:\/\/holistic-living.r-one.dev\/es\/m\u0259hsul\/team-communication-collaborate-like-a-pro\/","og_site_name":"Curso Sphere","article_modified_time":"2026-01-09T14:58:52+00:00","og_image":[{"width":800,"height":535,"url":"https:\/\/holistic-living.r-one.dev\/wp-content\/uploads\/2025\/12\/young-colleagues-office-talking-with-each-other-holding-notebook.webp","type":"image\/webp"}],"twitter_card":"summary_large_image","twitter_misc":{"Tiempo de lectura":"1 minuto"},"schema":{"@context":"https:\/\/schema.org","@graph":[{"@type":"WebPage","@id":"https:\/\/holistic-living.r-one.dev\/es\/m\u0259hsul\/team-communication-collaborate-like-a-pro\/","url":"https:\/\/holistic-living.r-one.dev\/es\/m\u0259hsul\/team-communication-collaborate-like-a-pro\/","name":"Comunicaci\u00f3n en equipo: colabora como un profesional - Curso Sphere","isPartOf":{"@id":"https:\/\/holistic-living.r-one.dev\/#website"},"primaryImageOfPage":{"@id":"https:\/\/holistic-living.r-one.dev\/es\/m\u0259hsul\/team-communication-collaborate-like-a-pro\/#primaryimage"},"image":{"@id":"https:\/\/holistic-living.r-one.dev\/es\/m\u0259hsul\/team-communication-collaborate-like-a-pro\/#primaryimage"},"thumbnailUrl":"https:\/\/holistic-living.r-one.dev\/wp-content\/uploads\/2025\/12\/young-colleagues-office-talking-with-each-other-holding-notebook.webp","datePublished":"2025-12-18T15:58:01+00:00","dateModified":"2026-01-09T14:58:52+00:00","breadcrumb":{"@id":"https:\/\/holistic-living.r-one.dev\/es\/m\u0259hsul\/team-communication-collaborate-like-a-pro\/#breadcrumb"},"inLanguage":"es","potentialAction":[{"@type":"ReadAction","target":["https:\/\/holistic-living.r-one.dev\/es\/m\u0259hsul\/team-communication-collaborate-like-a-pro\/"]}]},{"@type":"ImageObject","inLanguage":"es","@id":"https:\/\/holistic-living.r-one.dev\/es\/m\u0259hsul\/team-communication-collaborate-like-a-pro\/#primaryimage","url":"https:\/\/holistic-living.r-one.dev\/wp-content\/uploads\/2025\/12\/young-colleagues-office-talking-with-each-other-holding-notebook.webp","contentUrl":"https:\/\/holistic-living.r-one.dev\/wp-content\/uploads\/2025\/12\/young-colleagues-office-talking-with-each-other-holding-notebook.webp","width":800,"height":535},{"@type":"BreadcrumbList","@id":"https:\/\/holistic-living.r-one.dev\/es\/m\u0259hsul\/team-communication-collaborate-like-a-pro\/#breadcrumb","itemListElement":[{"@type":"ListItem","position":1,"name":"\u0413\u043b\u0430\u0432\u043d\u0430\u044f \u0441\u0442\u0440\u0430\u043d\u0438\u0446\u0430","item":"https:\/\/holistic-living.r-one.dev\/es\/"},{"@type":"ListItem","position":2,"name":"Comienza a Aprender","item":"https:\/\/holistic-living.r-one.dev\/es\/empieza-a-aprender-hoy\/"},{"@type":"ListItem","position":3,"name":"Comunicaci\u00f3n en equipo: colabora como un profesional"}]},{"@type":"WebSite","@id":"https:\/\/holistic-living.r-one.dev\/#website","url":"https:\/\/holistic-living.r-one.dev\/","name":"Calming practices","description":"","publisher":{"@id":"https:\/\/holistic-living.r-one.dev\/#organization"},"potentialAction":[{"@type":"SearchAction","target":{"@type":"EntryPoint","urlTemplate":"https:\/\/holistic-living.r-one.dev\/?s={search_term_string}"},"query-input":{"@type":"PropertyValueSpecification","valueRequired":true,"valueName":"search_term_string"}}],"inLanguage":"es"},{"@type":"Organization","@id":"https:\/\/holistic-living.r-one.dev\/#organization","name":"Calming practices","url":"https:\/\/holistic-living.r-one.dev\/","logo":{"@type":"ImageObject","inLanguage":"es","@id":"https:\/\/holistic-living.r-one.dev\/#\/schema\/logo\/image\/","url":"https:\/\/holistic-living.r-one.dev\/wp-content\/uploads\/2025\/03\/Logo-1.svg","contentUrl":"https:\/\/holistic-living.r-one.dev\/wp-content\/uploads\/2025\/03\/Logo-1.svg","width":36,"height":36,"caption":"Calming practices"},"image":{"@id":"https:\/\/holistic-living.r-one.dev\/#\/schema\/logo\/image\/"}}]}},"_links":{"self":[{"href":"https:\/\/holistic-living.r-one.dev\/es\/wp-json\/wp\/v2\/product\/5326","targetHints":{"allow":["GET"]}}],"collection":[{"href":"https:\/\/holistic-living.r-one.dev\/es\/wp-json\/wp\/v2\/product"}],"about":[{"href":"https:\/\/holistic-living.r-one.dev\/es\/wp-json\/wp\/v2\/types\/product"}],"replies":[{"embeddable":true,"href":"https:\/\/holistic-living.r-one.dev\/es\/wp-json\/wp\/v2\/comments?post=5326"}],"wp:featuredmedia":[{"embeddable":true,"href":"https:\/\/holistic-living.r-one.dev\/es\/wp-json\/wp\/v2\/media\/5327"}],"wp:attachment":[{"href":"https:\/\/holistic-living.r-one.dev\/es\/wp-json\/wp\/v2\/media?parent=5326"}],"wp:term":[{"taxonomy":"product_brand","embeddable":true,"href":"https:\/\/holistic-living.r-one.dev\/es\/wp-json\/wp\/v2\/product_brand?post=5326"},{"taxonomy":"product_cat","embeddable":true,"href":"https:\/\/holistic-living.r-one.dev\/es\/wp-json\/wp\/v2\/product_cat?post=5326"},{"taxonomy":"product_tag","embeddable":true,"href":"https:\/\/holistic-living.r-one.dev\/es\/wp-json\/wp\/v2\/product_tag?post=5326"},{"taxonomy":"giftcard-category","embeddable":true,"href":"https:\/\/holistic-living.r-one.dev\/es\/wp-json\/wp\/v2\/giftcard-category?post=5326"}],"curies":[{"name":"wp","href":"https:\/\/api.w.org\/{rel}","templated":true}]}}